{"id":92,"date":"2017-08-11T18:10:06","date_gmt":"2017-08-11T21:10:06","guid":{"rendered":"http:\/\/www.waltermota.com.br\/tatics\/?page_id=92"},"modified":"2017-11-03T19:38:21","modified_gmt":"2017-11-03T21:38:21","slug":"investidores","status":"publish","type":"page","link":"http:\/\/www.waltermota.com.br\/index.php\/investidores\/","title":{"rendered":"Investidores"},"content":{"rendered":"<h3>Perfil Corporativo<\/h3>\n<p>O ponto inicial desta empresa \u00e9 a estrutura\u00e7\u00e3o completa de empreendimentos no Nordeste, al\u00e9m de projetos em expans\u00e3o em outras localidades brasileiras. A Walter Mota \u00e9 especialista em alavancar o desenvolvimento urbano. Ela identifica oportunidades e investe de forma estrat\u00e9gica e objetiva, gerando desenvolvimento socioecon\u00f4mico para todos os seus investidores, sejam parceiros ou clientes.<\/p>\n<p>A busca constante da Walter Mota \u00e9 a captura de novos neg\u00f3cios para os seus parceiros, que em sua maioria, tornam-se investidores. A aprova\u00e7\u00e3o da postura de trabalho da empresa \u00e9 algo palp\u00e1vel e cont\u00ednua se estendendo a todos os envolvidos nos projetos. Uma verdade para quem investe na Walter Mota \u00e9 o retorno assegurado do seu investimento.<\/p>\n<p>Fa\u00e7a parte de nossa rede de neg\u00f3cios: se voc\u00ea possui interesse em nos apresentar um terreno ou uma Gleba, entre em contato conosco e vamos construir esta ideia juntos.<\/p>\n<h3>10 motivos para ser um investidor ou parceiro de Neg\u00f3cios da Walter Mota<\/h3>\n<ol>\n<li>Empresa tradicional com 22 anos de mercado;<\/li>\n<li>\u00c9tica e focada na satisfa\u00e7\u00e3o dos seus clientes;<\/li>\n<li>Empreende exclusivamente neg\u00f3cios juridicamente perfeitos;<\/li>\n<li>Garantia de valoriza\u00e7\u00e3o e liquidez;<\/li>\n<li>Especialista em tudo o que faz;<\/li>\n<li>L\u00edder de mercado com 12 pr\u00eamios Master Imobili\u00e1rio conquistados;<\/li>\n<li>Garantia de Resultados, com mais de 17 mil unidades vendidas;<\/li>\n<li>Compromisso e responsabilidade;<\/li>\n<li>Tratamos nossos clientes com respeito e honestidade;<\/li>\n<li>Empreendimentos diferenciados e com qualidade comprovada.<\/li>\n<\/ol>\n","protected":false},"excerpt":{"rendered":"<p>Perfil Corporativo O ponto inicial desta empresa \u00e9 a estrutura\u00e7\u00e3o completa de empreendimentos no Nordeste, al\u00e9m de projetos em expans\u00e3o em outras localidades brasileiras. A Walter Mota \u00e9 especialista em alavancar o desenvolvimento urbano. Ela identifica oportunidades e investe de forma estrat\u00e9gica e objetiva, gerando desenvolvimento socioecon\u00f4mico para todos os seus investidores, sejam parceiros ou [&hellip;]<\/p>\n","protected":false},"author":1,"featured_media":0,"parent":0,"menu_order":0,"comment_status":"closed","ping_status":"closed","template":"","meta":[],"_links":{"self":[{"href":"http:\/\/www.waltermota.com.br\/index.php\/wp-json\/wp\/v2\/pages\/92"}],"collection":[{"href":"http:\/\/www.waltermota.com.br\/index.php\/wp-json\/wp\/v2\/pages"}],"about":[{"href":"http:\/\/www.waltermota.com.br\/index.php\/wp-json\/wp\/v2\/types\/page"}],"author":[{"embeddable":true,"href":"http:\/\/www.waltermota.com.br\/index.php\/wp-json\/wp\/v2\/users\/1"}],"replies":[{"embeddable":true,"href":"http:\/\/www.waltermota.com.br\/index.php\/wp-json\/wp\/v2\/comments?post=92"}],"version-history":[{"count":5,"href":"http:\/\/www.waltermota.com.br\/index.php\/wp-json\/wp\/v2\/pages\/92\/revisions"}],"predecessor-version":[{"id":289,"href":"http:\/\/www.waltermota.com.br\/index.php\/wp-json\/wp\/v2\/pages\/92\/revisions\/289"}],"wp:attachment":[{"href":"http:\/\/www.waltermota.com.br\/index.php\/wp-json\/wp\/v2\/media?parent=92"}],"curies":[{"name":"wp","href":"https:\/\/api.w.org\/{rel}","templated":true}]}}