{"id":2,"date":"2017-08-09T11:31:27","date_gmt":"2017-08-09T14:31:27","guid":{"rendered":"http:\/\/www.waltermota.com.br\/tatics\/?page_id=2"},"modified":"2023-04-19T19:00:26","modified_gmt":"2023-04-19T22:00:26","slug":"quem-somos","status":"publish","type":"page","link":"http:\/\/www.waltermota.com.br\/index.php\/quem-somos\/","title":{"rendered":"Quem somos"},"content":{"rendered":"<p><strong>UMA HIST\u00d3RIA DE SUCESSO<\/strong><\/p>\n<p>H\u00e1 mais de 25 anos em atividade, a Walter Mota Empreendimento \u00e9 reconhecidamente especialista em neg\u00f3cios de Desenvolvimento Urbano, tanto por trabalhar de forma \u00e9tica e segura, quanto por produzir com originalidade projetos Imobili\u00e1rios diferenciados, tais como: loteamentos econ\u00f4micos qualificados, loteamentos em condom\u00ednios fechados e atualmente desenvolvedora de bairros planejados. Uma empresa vanguardista, que se sobressaiu no mercado de incorpora\u00e7\u00e3o e imobili\u00e1ria do Nordeste Brasileiro. Ao longo deste tempo, narrou uma hist\u00f3ria de conquistas, lan\u00e7ando e comercializando mais de 40 empreendimentos, que reuniram infraestrutura e urbanismo com responsabilidade e consci\u00eancia ambiental.<\/p>\n<p>Em 2022, com o sonho de evoluir, passamos a ser Incorporadora e para essa nova fase, precisamos nos renovar, nos modernizar, evoluir. Por isso, Walter Mota Empreendimentos, agora \u00e9 W.Mota Incorporadora!<\/p>\n<p>Uma empresa compromissada com o bem-estar de seus clientes, alcan\u00e7ando o marco superior a 17 mil unidades vendidas, oferecendo a todos a facilidade de fazer bons neg\u00f3cios. Prova deste sucesso \u00e9 que a Walter Mota j\u00e1 foi agraciada 12 vezes com o Pr\u00eamio Master Imobili\u00e1rio \u2013 importante refer\u00eancia neste segmento. Fatos como estes imprimem nossa compet\u00eancia e foco na realiza\u00e7\u00e3o de todos os nossos projetos.<br \/>\nA experi\u00eancia e o amplo conhecimento da empresa em transformar glebas ou terrenos em neg\u00f3cios extremamente rent\u00e1veis e seguros, possibilitaram que em todos os seus empreendimentos ofere\u00e7am:<\/p>\n<ul>\n<li>Garantia de valoriza\u00e7\u00e3o futura;<\/li>\n<li>Neg\u00f3cios Juridicamente perfeitos;<\/li>\n<li>Qualidade de Vida;<\/li>\n<li>Infraestrutura de qualidade;<\/li>\n<li>Realiza\u00e7\u00e3o do sonho da casa pr\u00f3pria;<\/li>\n<li>Liquidez na revenda das unidades comercializadas;<\/li>\n<li>Sucesso de vendas;<\/li>\n<li>Bom relacionamento com os clientes;<\/li>\n<li>Satisfa\u00e7\u00e3o dos parceiros com os resultados alcan\u00e7ados.<\/li>\n<\/ul>\n<p><strong>ESPECIALIDADE<\/strong><\/p>\n<p>A Walter Mota transforma positivamente o cotidiano de todos os envolvidos em nossos empreendimentos, por isso, oferece vantagens e seguran\u00e7a a todos os seus parceiros.<br \/>\nS\u00e3o servi\u00e7os exclusivos, que mant\u00e9m vivos nossa qualidade e tradi\u00e7\u00e3o:<\/p>\n<ul>\n<li>Intelig\u00eancia e planejamento em Estrutura\u00e7\u00e3o Imobili\u00e1ria;<\/li>\n<li>Estudos de viabilidade urban\u00edstica econ\u00f4mica e financeira, que garantem sucesso ao empreendimento;<\/li>\n<li>Equipe multidisciplinar na concep\u00e7\u00e3o de projetos e Masterplan;<\/li>\n<li>Implementa\u00e7\u00e3o de obras de infraestrutura;<\/li>\n<li>Expertise em Lan\u00e7amento e Comercializa\u00e7\u00e3o, al\u00e9m de gest\u00e3o de receb\u00edveis de loteamentos;<\/li>\n<li>Gest\u00e3o de vendas e receb\u00edveis;<\/li>\n<li>Tecnologia aplicada na estrutura\u00e7\u00e3o e prospec\u00e7\u00e3o de novos neg\u00f3cios;<\/li>\n<li>Parcerias e joint ventures com propriet\u00e1rios e investidores locais, nacionais e internacionais.<\/li>\n<\/ul>\n<p><strong>TRAJET\u00d3RIA<\/strong><\/p>\n<p>Somos uma empresa que busca melhorias para a sociedade em que est\u00e1 inserida, agindo como agente transformador de gera\u00e7\u00f5es inteiras. Trabalhamos com vigor, mantendo o alto n\u00edvel de resultados e qualidade incontest\u00e1vel em todos os nossos empreendimento. Como l\u00edderes de mercado, nosso legado pode ser compreendido nos indicativos a seguir:<\/p>\n<ul>\n<li>+de 25 anos de hist\u00f3ria;<\/li>\n<li>40 empreendimentos lan\u00e7ados;<\/li>\n<li>17 mil unidades comercializadas;<\/li>\n<li>12 vezes eleita pr\u00eamio Master Imobili\u00e1rio<\/li>\n<\/ul>\n","protected":false},"excerpt":{"rendered":"<p>UMA HIST\u00d3RIA DE SUCESSO H\u00e1 mais de 25 anos em atividade, a Walter Mota Empreendimento \u00e9 reconhecidamente especialista em neg\u00f3cios de Desenvolvimento Urbano, tanto por trabalhar de forma \u00e9tica e segura, quanto por produzir com originalidade projetos Imobili\u00e1rios diferenciados, tais como: loteamentos econ\u00f4micos qualificados, loteamentos em condom\u00ednios fechados e atualmente desenvolvedora de bairros planejados. Uma [&hellip;]<\/p>\n","protected":false},"author":1,"featured_media":0,"parent":0,"menu_order":0,"comment_status":"closed","ping_status":"open","template":"","meta":[],"_links":{"self":[{"href":"http:\/\/www.waltermota.com.br\/index.php\/wp-json\/wp\/v2\/pages\/2"}],"collection":[{"href":"http:\/\/www.waltermota.com.br\/index.php\/wp-json\/wp\/v2\/pages"}],"about":[{"href":"http:\/\/www.waltermota.com.br\/index.php\/wp-json\/wp\/v2\/types\/page"}],"author":[{"embeddable":true,"href":"http:\/\/www.waltermota.com.br\/index.php\/wp-json\/wp\/v2\/users\/1"}],"replies":[{"embeddable":true,"href":"http:\/\/www.waltermota.com.br\/index.php\/wp-json\/wp\/v2\/comments?post=2"}],"version-history":[{"count":7,"href":"http:\/\/www.waltermota.com.br\/index.php\/wp-json\/wp\/v2\/pages\/2\/revisions"}],"predecessor-version":[{"id":734,"href":"http:\/\/www.waltermota.com.br\/index.php\/wp-json\/wp\/v2\/pages\/2\/revisions\/734"}],"wp:attachment":[{"href":"http:\/\/www.waltermota.com.br\/index.php\/wp-json\/wp\/v2\/media?parent=2"}],"curies":[{"name":"wp","href":"https:\/\/api.w.org\/{rel}","templated":true}]}}